{"id":4746,"date":"2019-03-28T10:44:59","date_gmt":"2019-03-28T07:44:59","guid":{"rendered":"https:\/\/www.polatliborsa.org.tr\/yonetim-kurulu-3\/"},"modified":"2020-12-15T14:39:48","modified_gmt":"2020-12-15T11:39:48","slug":"yonetim-kurulu-3","status":"publish","type":"page","link":"https:\/\/www.polatliborsa.org.tr\/en\/yonetim-kurulu-3\/","title":{"rendered":"Board of Directors"},"content":{"rendered":"<table border=\"0\" width=\"100%\">\n<tbody>\n<tr>\n<td align=\"center\" valign=\"top\"><strong>Chairman Of The Board Of Directors<\/strong><br \/>\n<img loading=\"lazy\" decoding=\"async\" class=\"alignnone size-full wp-image-336\" src=\"http:\/\/www.polatliborsa.org.tr\/wp-content\/uploads\/2018\/10\/ali-seren-resim.png\" alt=\"\" width=\"113\" height=\"147\" srcset=\"https:\/\/www.polatliborsa.org.tr\/wp-content\/uploads\/2018\/10\/ali-seren-resim.png 300w, https:\/\/www.polatliborsa.org.tr\/wp-content\/uploads\/2018\/10\/ali-seren-resim-230x300.png 230w\" sizes=\"auto, (max-width: 113px) 100vw, 113px\" \/><br \/>\n<strong>Ali \u015eEREN<\/strong><\/td>\n<\/tr>\n<\/tbody>\n<\/table>\n<table border=\"0\" width=\"100%\">\n<tbody>\n<tr>\n<td align=\"center\" valign=\"top\"><strong>Vice President Of The Board Of Directors<br \/>\n<\/strong><img loading=\"lazy\" decoding=\"async\" class=\"alignnone size-full wp-image-336\" src=\"http:\/\/www.polatliborsa.org.tr\/wp-content\/uploads\/2018\/10\/kadir-ozgonul-resim.png\" alt=\"\" width=\"113\" height=\"147\" \/><br \/>\n<strong>Kadir \u00d6ZG\u00d6N\u00dcL<\/strong><\/td>\n<\/tr>\n<\/tbody>\n<\/table>\n<table border=\"0\" width=\"100%\">\n<tbody>\n<tr>\n<td colspan=\"3\" align=\"center\" valign=\"top\" width=\"100\"><strong>Members Of The Board Of Directors<\/strong><\/td>\n<\/tr>\n<tr>\n<td align=\"center\" valign=\"top\" width=\"50\"><img loading=\"lazy\" decoding=\"async\" class=\"alignnone size-full wp-image-342\" src=\"http:\/\/www.polatliborsa.org.tr\/wp-content\/uploads\/2018\/10\/mehmet-ergun-resim.png\" alt=\"\" width=\"113\" height=\"147\" srcset=\"https:\/\/www.polatliborsa.org.tr\/wp-content\/uploads\/2018\/10\/mehmet-ergun-resim.png 300w, https:\/\/www.polatliborsa.org.tr\/wp-content\/uploads\/2018\/10\/mehmet-ergun-resim-230x300.png 230w\" sizes=\"auto, (max-width: 113px) 100vw, 113px\" \/><br \/>\n<strong>Mehmet ERG\u00dcN<\/strong><\/td>\n<td align=\"center\" valign=\"top\" width=\"50\"><img loading=\"lazy\" decoding=\"async\" class=\"alignnone size-full wp-image-342 size-full\" src=\"http:\/\/www.polatliborsa.org.tr\/wp-content\/uploads\/2018\/10\/yusuf-demir-resim.png\" alt=\"\" width=\"113\" height=\"147\" \/><br \/>\n<strong>Yusuf DEM\u0130R<\/strong><\/td>\n<td align=\"center\" valign=\"top\" width=\"50\"><img loading=\"lazy\" decoding=\"async\" class=\"alignnone size-full wp-image-342\" src=\"http:\/\/www.polatliborsa.org.tr\/wp-content\/uploads\/2018\/10\/abdulkadir-yaman-resim.png\" alt=\"\" width=\"113\" height=\"147\" \/><br \/>\n<strong>Abdulkadir YAMAN<\/strong><\/td>\n<\/tr>\n<\/tbody>\n<\/table>\n","protected":false},"excerpt":{"rendered":"<p>Chairman Of The Board Of Directors Ali \u015eEREN Vice President Of The Board Of Directors Kadir \u00d6ZG\u00d6N\u00dcL Members Of The Board Of Directors Mehmet ERG\u00dcN Yusuf DEM\u0130R Abdulkadir YAMAN<\/p>\n","protected":false},"author":1,"featured_media":0,"parent":0,"menu_order":0,"comment_status":"closed","ping_status":"closed","template":"","meta":{"rs_blank_template":"","rs_page_bg_color":"#ffffff","slide_template_v7":"","footnotes":""},"class_list":["post-4746","page","type-page","status-publish","hentry"],"_links":{"self":[{"href":"https:\/\/www.polatliborsa.org.tr\/en\/wp-json\/wp\/v2\/pages\/4746","targetHints":{"allow":["GET"]}}],"collection":[{"href":"https:\/\/www.polatliborsa.org.tr\/en\/wp-json\/wp\/v2\/pages"}],"about":[{"href":"https:\/\/www.polatliborsa.org.tr\/en\/wp-json\/wp\/v2\/types\/page"}],"author":[{"embeddable":true,"href":"https:\/\/www.polatliborsa.org.tr\/en\/wp-json\/wp\/v2\/users\/1"}],"replies":[{"embeddable":true,"href":"https:\/\/www.polatliborsa.org.tr\/en\/wp-json\/wp\/v2\/comments?post=4746"}],"version-history":[{"count":0,"href":"https:\/\/www.polatliborsa.org.tr\/en\/wp-json\/wp\/v2\/pages\/4746\/revisions"}],"wp:attachment":[{"href":"https:\/\/www.polatliborsa.org.tr\/en\/wp-json\/wp\/v2\/media?parent=4746"}],"curies":[{"name":"wp","href":"https:\/\/api.w.org\/{rel}","templated":true}]}}