{"id":4695,"date":"2018-10-01T10:11:08","date_gmt":"2018-10-01T07:11:08","guid":{"rendered":"https:\/\/www.polatliborsa.org.tr\/akreditasyon-ik\/"},"modified":"2020-12-10T15:37:35","modified_gmt":"2020-12-10T12:37:35","slug":"akreditasyon-ik","status":"publish","type":"page","link":"https:\/\/www.polatliborsa.org.tr\/en\/akreditasyon-ik\/","title":{"rendered":"Accreditation IK"},"content":{"rendered":"<table border=\"0\" width=\"100%\">\n<tbody>\n<tr>\n<td align=\"center\" valign=\"top\" width=\"33%\"><strong><img loading=\"lazy\" decoding=\"async\" class=\"alignnone size-medium wp-image-334\" src=\"http:\/\/www.polatliborsa.org.tr\/wp-content\/uploads\/2018\/10\/yahya-toplu-resim-230x300.png\" alt=\"\" width=\"113\" height=\"147\" srcset=\"https:\/\/www.polatliborsa.org.tr\/wp-content\/uploads\/2018\/10\/yahya-toplu-resim-230x300.png 230w, https:\/\/www.polatliborsa.org.tr\/wp-content\/uploads\/2018\/10\/yahya-toplu-resim.png 300w\" sizes=\"auto, (max-width: 113px) 100vw, 113px\" \/><br \/>\nPRESIDENT<br \/>\nYahya TOPLU<\/strong><\/td>\n<\/tr>\n<\/tbody>\n<\/table>\n<table border=\"0\" width=\"100%\">\n<tbody>\n<tr>\n<td align=\"center\" valign=\"top\" width=\"33%\"><strong><img loading=\"lazy\" decoding=\"async\" class=\"alignnone size-medium wp-image-342\" src=\"http:\/\/www.polatliborsa.org.tr\/wp-content\/uploads\/2018\/10\/mehmet-ergun-resim-230x300.png\" alt=\"\" width=\"113\" height=\"147\" srcset=\"https:\/\/www.polatliborsa.org.tr\/wp-content\/uploads\/2018\/10\/mehmet-ergun-resim-230x300.png 230w, https:\/\/www.polatliborsa.org.tr\/wp-content\/uploads\/2018\/10\/mehmet-ergun-resim.png 300w\" sizes=\"auto, (max-width: 113px) 100vw, 113px\" \/><br \/>\nMEMBERS<br \/>\nMehmet ERG\u00dcN<\/strong><\/td>\n<td align=\"center\" valign=\"top\" width=\"33%\"><strong><img loading=\"lazy\" decoding=\"async\" class=\"alignnone size-medium wp-image-360\" src=\"http:\/\/www.polatliborsa.org.tr\/wp-content\/uploads\/2018\/10\/abdulkadir-yaman-resim-230x300.png\" alt=\"\" width=\"113\" height=\"147\" srcset=\"https:\/\/www.polatliborsa.org.tr\/wp-content\/uploads\/2018\/10\/abdulkadir-yaman-resim-230x300.png 230w, https:\/\/www.polatliborsa.org.tr\/wp-content\/uploads\/2018\/10\/abdulkadir-yaman-resim.png 300w\" sizes=\"auto, (max-width: 113px) 100vw, 113px\" \/><br \/>\nMEMBERS<br \/>\nAbdulkadir YAMAN<\/strong><\/td>\n<\/tr>\n<\/tbody>\n<\/table>\n<table border=\"0\" width=\"100%\">\n<tbody>\n<tr>\n<td align=\"center\" valign=\"top\" width=\"33%\"><strong><img loading=\"lazy\" decoding=\"async\" class=\"alignnone size-full wp-image-1120\" src=\"http:\/\/www.polatliborsa.org.tr\/wp-content\/uploads\/2018\/12\/R-Kayhan-Unal-Resim.png\" alt=\"\" width=\"113\" height=\"147\" \/><br \/>\nMEMBERS<br \/>\nR.Kayhan \u00dcNAL<\/strong><\/td>\n<td align=\"center\" valign=\"top\" width=\"33%\"><strong><img loading=\"lazy\" decoding=\"async\" class=\"alignnone size-medium wp-image-1118\" src=\"http:\/\/www.polatliborsa.org.tr\/wp-content\/uploads\/2018\/12\/Terkanli-Ozkan-Resim-222x300.jpg\" alt=\"\" width=\"113\" height=\"147\" \/><br \/>\nMEMBERS<br \/>\nTerkanl\u0131 \u00d6ZKAN<\/strong><\/td>\n<\/tr>\n<\/tbody>\n<\/table>\n","protected":false},"excerpt":{"rendered":"<p>PRESIDENT Yahya TOPLU MEMBERS Mehmet ERG\u00dcN MEMBERS Abdulkadir YAMAN MEMBERS R.Kayhan \u00dcNAL MEMBERS Terkanl\u0131 \u00d6ZKAN<\/p>\n","protected":false},"author":1,"featured_media":0,"parent":0,"menu_order":0,"comment_status":"closed","ping_status":"closed","template":"","meta":{"rs_blank_template":"","rs_page_bg_color":"#ffffff","slide_template_v7":"","footnotes":""},"class_list":["post-4695","page","type-page","status-publish","hentry"],"_links":{"self":[{"href":"https:\/\/www.polatliborsa.org.tr\/en\/wp-json\/wp\/v2\/pages\/4695","targetHints":{"allow":["GET"]}}],"collection":[{"href":"https:\/\/www.polatliborsa.org.tr\/en\/wp-json\/wp\/v2\/pages"}],"about":[{"href":"https:\/\/www.polatliborsa.org.tr\/en\/wp-json\/wp\/v2\/types\/page"}],"author":[{"embeddable":true,"href":"https:\/\/www.polatliborsa.org.tr\/en\/wp-json\/wp\/v2\/users\/1"}],"replies":[{"embeddable":true,"href":"https:\/\/www.polatliborsa.org.tr\/en\/wp-json\/wp\/v2\/comments?post=4695"}],"version-history":[{"count":0,"href":"https:\/\/www.polatliborsa.org.tr\/en\/wp-json\/wp\/v2\/pages\/4695\/revisions"}],"wp:attachment":[{"href":"https:\/\/www.polatliborsa.org.tr\/en\/wp-json\/wp\/v2\/media?parent=4695"}],"curies":[{"name":"wp","href":"https:\/\/api.w.org\/{rel}","templated":true}]}}